{"id":40,"date":"2024-04-10T13:07:58","date_gmt":"2024-04-10T13:07:58","guid":{"rendered":"https:\/\/felix.gotec-web.ch\/?page_id=40"},"modified":"2024-04-10T13:57:06","modified_gmt":"2024-04-10T13:57:06","slug":"amar-schlecken","status":"publish","type":"page","link":"https:\/\/felix.gotec-web.ch\/?page_id=40","title":{"rendered":"Was wir anbieten"},"content":{"rendered":"\t\t<div data-elementor-type=\"wp-page\" data-elementor-id=\"40\" class=\"elementor elementor-40\">\n\t\t\t\t<div class=\"elementor-element elementor-element-5e4699d e-flex e-con-boxed e-con e-parent\" data-id=\"5e4699d\" data-element_type=\"container\" data-core-v316-plus=\"true\">\n\t\t\t\t\t<div class=\"e-con-inner\">\n\t\t\t\t<div class=\"elementor-element elementor-element-d2a81a2 elementor-align-center elementor-widget elementor-widget-button\" data-id=\"d2a81a2\" data-element_type=\"widget\" data-widget_type=\"button.default\">\n\t\t\t\t<div class=\"elementor-widget-container\">\n\t\t\t\t\t<div class=\"elementor-button-wrapper\">\n\t\t\t<a class=\"elementor-button elementor-button-link elementor-size-sm elementor-animation-grow\" href=\"https:\/\/felix.gotec-web.ch\">\n\t\t\t\t\t\t<span class=\"elementor-button-content-wrapper\">\n\t\t\t\t\t\t<span class=\"elementor-button-text\">Zur\u00fcck auf Startseite<\/span>\n\t\t<\/span>\n\t\t\t\t\t<\/a>\n\t\t<\/div>\n\t\t\t\t<\/div>\n\t\t\t\t<\/div>\n\t\t\t\t\t<\/div>\n\t\t\t\t<\/div>\n\t\t<div class=\"elementor-element elementor-element-f9b0072 e-con-full e-flex e-con e-parent\" data-id=\"f9b0072\" data-element_type=\"container\" data-core-v316-plus=\"true\">\n\t\t\t\t<div class=\"elementor-element elementor-element-cf0bcd9 elementor-widget elementor-widget-heading\" data-id=\"cf0bcd9\" data-element_type=\"widget\" data-widget_type=\"heading.default\">\n\t\t\t\t<div class=\"elementor-widget-container\">\n\t\t\t<style>\/*! elementor - v3.20.0 - 26-03-2024 *\/\n.elementor-heading-title{padding:0;margin:0;line-height:1}.elementor-widget-heading .elementor-heading-title[class*=elementor-size-]>a{color:inherit;font-size:inherit;line-height:inherit}.elementor-widget-heading .elementor-heading-title.elementor-size-small{font-size:15px}.elementor-widget-heading .elementor-heading-title.elementor-size-medium{font-size:19px}.elementor-widget-heading .elementor-heading-title.elementor-size-large{font-size:29px}.elementor-widget-heading .elementor-heading-title.elementor-size-xl{font-size:39px}.elementor-widget-heading .elementor-heading-title.elementor-size-xxl{font-size:59px}<\/style><h2 class=\"elementor-heading-title elementor-size-default\">Feiern auf dem Bauernhof<\/h2>\t\t<\/div>\n\t\t\t\t<\/div>\n\t\t\t\t<div class=\"elementor-element elementor-element-1e55871 elementor-widget elementor-widget-text-editor\" data-id=\"1e55871\" data-element_type=\"widget\" data-widget_type=\"text-editor.default\">\n\t\t\t\t<div class=\"elementor-widget-container\">\n\t\t\t<style>\/*! elementor - v3.20.0 - 26-03-2024 *\/\n.elementor-widget-text-editor.elementor-drop-cap-view-stacked .elementor-drop-cap{background-color:#69727d;color:#fff}.elementor-widget-text-editor.elementor-drop-cap-view-framed .elementor-drop-cap{color:#69727d;border:3px solid;background-color:transparent}.elementor-widget-text-editor:not(.elementor-drop-cap-view-default) .elementor-drop-cap{margin-top:8px}.elementor-widget-text-editor:not(.elementor-drop-cap-view-default) .elementor-drop-cap-letter{width:1em;height:1em}.elementor-widget-text-editor .elementor-drop-cap{float:left;text-align:center;line-height:1;font-size:50px}.elementor-widget-text-editor .elementor-drop-cap-letter{display:inline-block}<\/style>\t\t\t\t<p>Wir vermieten unsere rustikale Scheune mit Vorplatz f\u00fcr<br \/>Ihren Ap\u00e9ro, Geburtstagsfest, Jubil\u00e4um, uvm.<br \/>Einzigartiges Ambiente angrenzend an Landwirtschaft<br \/>und Wald.<br \/>&#8211; 80-100 Sitzpl\u00e4tze m\u00f6glich<br \/>&#8211; Ap\u00e9ro bis 150 Personen m\u00f6glich<br \/>&#8211; Gastroabwaschmaschine<br \/>&#8211; Kurze Entfernung zu S-Bahnhof Henggart<br \/>&#8211; Nahe Kirche<br \/>&#8211; Viele Parkpl\u00e4tze<br \/>&#8211; Kinderspielplatz<br \/>&#8211; Bierzapfhahn<br \/>&#8211; Grosse Leinwand und Beamer<br \/>&#8211; Profi Musikanlage<br \/>&#8211; Beheizbar<\/p>\t\t\t\t\t\t<\/div>\n\t\t\t\t<\/div>\n\t\t\t\t<div class=\"elementor-element elementor-element-e02c24b elementor-widget elementor-widget-text-editor\" data-id=\"e02c24b\" data-element_type=\"widget\" data-widget_type=\"text-editor.default\">\n\t\t\t\t<div class=\"elementor-widget-container\">\n\t\t\t\t\t\t\t\t\t\t\t\t\t<\/div>\n\t\t\t\t<\/div>\n\t\t\t\t<\/div>\n\t\t\t\t<\/div>\n\t\t","protected":false},"excerpt":{"rendered":"<p>Zur\u00fcck auf Startseite Feiern auf dem Bauernhof Wir vermieten unsere rustikale Scheune mit Vorplatz f\u00fcrIhren Ap\u00e9ro, Geburtstagsfest, Jubil\u00e4um, uvm.Einzigartiges Ambiente angrenzend an Landwirtschaftund Wald.&#8211; 80-100 Sitzpl\u00e4tze m\u00f6glich&#8211; Ap\u00e9ro bis 150 Personen m\u00f6glich&#8211; Gastroabwaschmaschine&#8211; Kurze Entfernung zu S-Bahnhof Henggart&#8211; Nahe Kirche&#8211; Viele Parkpl\u00e4tze&#8211; Kinderspielplatz&#8211; Bierzapfhahn&#8211; Grosse Leinwand und Beamer&#8211; Profi Musikanlage&#8211; Beheizbar<\/p>\n","protected":false},"author":1,"featured_media":0,"parent":0,"menu_order":0,"comment_status":"closed","ping_status":"closed","template":"","meta":{"footnotes":""},"class_list":["post-40","page","type-page","status-publish","hentry"],"_links":{"self":[{"href":"https:\/\/felix.gotec-web.ch\/index.php?rest_route=\/wp\/v2\/pages\/40","targetHints":{"allow":["GET"]}}],"collection":[{"href":"https:\/\/felix.gotec-web.ch\/index.php?rest_route=\/wp\/v2\/pages"}],"about":[{"href":"https:\/\/felix.gotec-web.ch\/index.php?rest_route=\/wp\/v2\/types\/page"}],"author":[{"embeddable":true,"href":"https:\/\/felix.gotec-web.ch\/index.php?rest_route=\/wp\/v2\/users\/1"}],"replies":[{"embeddable":true,"href":"https:\/\/felix.gotec-web.ch\/index.php?rest_route=%2Fwp%2Fv2%2Fcomments&post=40"}],"version-history":[{"count":29,"href":"https:\/\/felix.gotec-web.ch\/index.php?rest_route=\/wp\/v2\/pages\/40\/revisions"}],"predecessor-version":[{"id":86,"href":"https:\/\/felix.gotec-web.ch\/index.php?rest_route=\/wp\/v2\/pages\/40\/revisions\/86"}],"wp:attachment":[{"href":"https:\/\/felix.gotec-web.ch\/index.php?rest_route=%2Fwp%2Fv2%2Fmedia&parent=40"}],"curies":[{"name":"wp","href":"https:\/\/api.w.org\/{rel}","templated":true}]}}